{"id":343,"date":"2021-11-04T10:21:32","date_gmt":"2021-11-04T15:21:32","guid":{"rendered":"http:\/\/localhost\/cemc\/index.php\/services\/"},"modified":"2023-07-06T17:55:46","modified_gmt":"2023-07-06T22:55:46","slug":"programas","status":"publish","type":"page","link":"https:\/\/cemcsas.com\/index.php\/programas\/","title":{"rendered":"Programas"},"content":{"rendered":"\t\t<div data-elementor-type=\"wp-page\" data-elementor-id=\"343\" class=\"elementor elementor-343\">\n\t\t\t\t\t\t<section class=\"elementor-section elementor-top-section elementor-element elementor-element-676f307 elementor-section-boxed elementor-section-height-default elementor-section-height-default\" data-id=\"676f307\" data-element_type=\"section\" data-settings=\"{&quot;background_background&quot;:&quot;classic&quot;,&quot;background_motion_fx_motion_fx_scrolling&quot;:&quot;yes&quot;,&quot;background_motion_fx_devices&quot;:[&quot;desktop&quot;,&quot;tablet&quot;,&quot;mobile&quot;]}\">\n\t\t\t\t\t\t\t<div class=\"elementor-background-overlay\"><\/div>\n\t\t\t\t\t\t\t<div class=\"elementor-container elementor-column-gap-no\">\n\t\t\t\t\t<div class=\"elementor-column elementor-col-100 elementor-top-column elementor-element elementor-element-cfd909f\" data-id=\"cfd909f\" data-element_type=\"column\">\n\t\t\t<div class=\"elementor-widget-wrap elementor-element-populated\">\n\t\t\t\t\t\t<div class=\"elementor-element elementor-element-fd6730a elementor-widget elementor-widget-heading\" data-id=\"fd6730a\" data-element_type=\"widget\" data-widget_type=\"heading.default\">\n\t\t\t\t<div class=\"elementor-widget-container\">\n\t\t\t\t\t<h1 class=\"elementor-heading-title elementor-size-default\">Programas<\/h1>\t\t\t\t<\/div>\n\t\t\t\t<\/div>\n\t\t\t\t\t<\/div>\n\t\t<\/div>\n\t\t\t\t\t<\/div>\n\t\t<\/section>\n\t\t\t\t<section class=\"elementor-section elementor-top-section elementor-element elementor-element-62fcd5c elementor-section-boxed elementor-section-height-default elementor-section-height-default\" data-id=\"62fcd5c\" data-element_type=\"section\" data-settings=\"{&quot;background_background&quot;:&quot;classic&quot;}\">\n\t\t\t\t\t\t<div class=\"elementor-container elementor-column-gap-no\">\n\t\t\t\t\t<div class=\"elementor-column elementor-col-100 elementor-top-column elementor-element elementor-element-6096f1b\" data-id=\"6096f1b\" data-element_type=\"column\">\n\t\t\t<div class=\"elementor-widget-wrap elementor-element-populated\">\n\t\t\t\t\t\t<section class=\"elementor-section elementor-inner-section elementor-element elementor-element-eff919d elementor-section-boxed elementor-section-height-default elementor-section-height-default\" data-id=\"eff919d\" data-element_type=\"section\">\n\t\t\t\t\t\t<div class=\"elementor-container elementor-column-gap-no\">\n\t\t\t\t\t<div class=\"elementor-column elementor-col-100 elementor-inner-column elementor-element elementor-element-7b0bffe\" data-id=\"7b0bffe\" data-element_type=\"column\">\n\t\t\t<div class=\"elementor-widget-wrap elementor-element-populated\">\n\t\t\t\t\t\t<div class=\"elementor-element elementor-element-e17fad8 elementor-widget elementor-widget-heading\" data-id=\"e17fad8\" data-element_type=\"widget\" data-widget_type=\"heading.default\">\n\t\t\t\t<div class=\"elementor-widget-container\">\n\t\t\t\t\t<h3 class=\"elementor-heading-title elementor-size-default\">Nuestros Programas<\/h3>\t\t\t\t<\/div>\n\t\t\t\t<\/div>\n\t\t\t\t<div class=\"elementor-element elementor-element-ecb1e43 elementor-widget elementor-widget-heading\" data-id=\"ecb1e43\" data-element_type=\"widget\" data-widget_type=\"heading.default\">\n\t\t\t\t<div class=\"elementor-widget-container\">\n\t\t\t\t\t<h2 class=\"elementor-heading-title elementor-size-default\">Capacitando Profesionales Para Colombia Y El Mundo<\/h2>\t\t\t\t<\/div>\n\t\t\t\t<\/div>\n\t\t\t\t\t<\/div>\n\t\t<\/div>\n\t\t\t\t\t<\/div>\n\t\t<\/section>\n\t\t\t\t<section class=\"elementor-section elementor-inner-section elementor-element elementor-element-bee7504 elementor-section-boxed elementor-section-height-default elementor-section-height-default\" data-id=\"bee7504\" data-element_type=\"section\">\n\t\t\t\t\t\t<div class=\"elementor-container elementor-column-gap-no\">\n\t\t\t\t\t<div class=\"elementor-column elementor-col-33 elementor-inner-column elementor-element elementor-element-5a73170\" data-id=\"5a73170\" data-element_type=\"column\" data-settings=\"{&quot;animation&quot;:&quot;none&quot;}\">\n\t\t\t<div class=\"elementor-widget-wrap elementor-element-populated\">\n\t\t\t\t\t\t<div class=\"elementor-element elementor-element-2a6bb79 elementor-position-top elementor-widget elementor-widget-image-box\" data-id=\"2a6bb79\" data-element_type=\"widget\" data-widget_type=\"image-box.default\">\n\t\t\t\t<div class=\"elementor-widget-container\">\n\t\t\t\t\t<div class=\"elementor-image-box-wrapper\"><figure class=\"elementor-image-box-img\"><img fetchpriority=\"high\" decoding=\"async\" width=\"828\" height=\"536\" src=\"https:\/\/cemcsas.com\/wp-content\/uploads\/2023\/04\/saneamiento.png\" class=\"elementor-animation-hang attachment-full size-full wp-image-584\" alt=\"\" srcset=\"https:\/\/cemcsas.com\/wp-content\/uploads\/2023\/04\/saneamiento.png 828w, https:\/\/cemcsas.com\/wp-content\/uploads\/2023\/04\/saneamiento-300x194.png 300w, https:\/\/cemcsas.com\/wp-content\/uploads\/2023\/04\/saneamiento-768x497.png 768w\" sizes=\"(max-width: 828px) 100vw, 828px\" \/><\/figure><div class=\"elementor-image-box-content\"><p class=\"elementor-image-box-description\">Las mejores pr\u00e1cticas en prevenci\u00f3n de accidentes y enfermedades ocupacionales, as\u00ed como en el control de riesgos ambientales en el lugar de trabajo.<\/p><\/div><\/div>\t\t\t\t<\/div>\n\t\t\t\t<\/div>\n\t\t\t\t\t<\/div>\n\t\t<\/div>\n\t\t\t\t<div class=\"elementor-column elementor-col-33 elementor-inner-column elementor-element elementor-element-482be07\" data-id=\"482be07\" data-element_type=\"column\">\n\t\t\t<div class=\"elementor-widget-wrap elementor-element-populated\">\n\t\t\t\t\t\t<div class=\"elementor-element elementor-element-c9c8975 elementor-position-top elementor-widget elementor-widget-image-box\" data-id=\"c9c8975\" data-element_type=\"widget\" data-widget_type=\"image-box.default\">\n\t\t\t\t<div class=\"elementor-widget-container\">\n\t\t\t\t\t<div class=\"elementor-image-box-wrapper\"><figure class=\"elementor-image-box-img\"><img decoding=\"async\" width=\"825\" height=\"535\" src=\"https:\/\/cemcsas.com\/wp-content\/uploads\/2023\/04\/administrativo.png\" class=\"elementor-animation-hang attachment-full size-full wp-image-581\" alt=\"\" srcset=\"https:\/\/cemcsas.com\/wp-content\/uploads\/2023\/04\/administrativo.png 825w, https:\/\/cemcsas.com\/wp-content\/uploads\/2023\/04\/administrativo-300x195.png 300w, https:\/\/cemcsas.com\/wp-content\/uploads\/2023\/04\/administrativo-768x498.png 768w\" sizes=\"(max-width: 825px) 100vw, 825px\" \/><\/figure><div class=\"elementor-image-box-content\"><p class=\"elementor-image-box-description\">Gestiona registros m\u00e9dicos, programar citas y coordinar servicios de atenci\u00f3n al paciente, habilidades imprescindibles para trabajar en cl\u00ednicas, hospitales y otros servicios de salud.<\/p><\/div><\/div>\t\t\t\t<\/div>\n\t\t\t\t<\/div>\n\t\t\t\t\t<\/div>\n\t\t<\/div>\n\t\t\t\t<div class=\"elementor-column elementor-col-33 elementor-inner-column elementor-element elementor-element-2402554\" data-id=\"2402554\" data-element_type=\"column\">\n\t\t\t<div class=\"elementor-widget-wrap elementor-element-populated\">\n\t\t\t\t\t\t<div class=\"elementor-element elementor-element-43fdd15 elementor-position-top elementor-widget elementor-widget-image-box\" data-id=\"43fdd15\" data-element_type=\"widget\" data-widget_type=\"image-box.default\">\n\t\t\t\t<div class=\"elementor-widget-container\">\n\t\t\t\t\t<div class=\"elementor-image-box-wrapper\"><figure class=\"elementor-image-box-img\"><img decoding=\"async\" width=\"813\" height=\"536\" src=\"https:\/\/cemcsas.com\/wp-content\/uploads\/2023\/04\/infancia.png\" class=\"elementor-animation-hang attachment-full size-full wp-image-586\" alt=\"\" srcset=\"https:\/\/cemcsas.com\/wp-content\/uploads\/2023\/04\/infancia.png 813w, https:\/\/cemcsas.com\/wp-content\/uploads\/2023\/04\/infancia-300x198.png 300w, https:\/\/cemcsas.com\/wp-content\/uploads\/2023\/04\/infancia-768x506.png 768w\" sizes=\"(max-width: 813px) 100vw, 813px\" \/><\/figure><div class=\"elementor-image-box-content\"><p class=\"elementor-image-box-description\">Aprende las habilidades necesarias para brindar una atenci\u00f3n de calidad a los ni\u00f1os, dise\u00f1a programas educativos, promover la salud y el bienestar infantil, y a trabajar en equipo.<\/p><\/div><\/div>\t\t\t\t<\/div>\n\t\t\t\t<\/div>\n\t\t\t\t\t<\/div>\n\t\t<\/div>\n\t\t\t\t\t<\/div>\n\t\t<\/section>\n\t\t\t\t<section class=\"elementor-section elementor-inner-section elementor-element elementor-element-35cae0d elementor-section-boxed elementor-section-height-default elementor-section-height-default\" data-id=\"35cae0d\" data-element_type=\"section\">\n\t\t\t\t\t\t<div class=\"elementor-container elementor-column-gap-no\">\n\t\t\t\t\t<div class=\"elementor-column elementor-col-33 elementor-inner-column elementor-element elementor-element-f19f51b\" data-id=\"f19f51b\" data-element_type=\"column\">\n\t\t\t<div class=\"elementor-widget-wrap elementor-element-populated\">\n\t\t\t\t\t\t<div class=\"elementor-element elementor-element-d330de2 elementor-position-top elementor-widget elementor-widget-image-box\" data-id=\"d330de2\" data-element_type=\"widget\" data-widget_type=\"image-box.default\">\n\t\t\t\t<div class=\"elementor-widget-container\">\n\t\t\t\t\t<div class=\"elementor-image-box-wrapper\"><figure class=\"elementor-image-box-img\"><img loading=\"lazy\" decoding=\"async\" width=\"813\" height=\"535\" src=\"https:\/\/cemcsas.com\/wp-content\/uploads\/2023\/04\/enfermeria.png\" class=\"elementor-animation-hang attachment-full size-full wp-image-582\" alt=\"\" srcset=\"https:\/\/cemcsas.com\/wp-content\/uploads\/2023\/04\/enfermeria.png 813w, https:\/\/cemcsas.com\/wp-content\/uploads\/2023\/04\/enfermeria-300x197.png 300w, https:\/\/cemcsas.com\/wp-content\/uploads\/2023\/04\/enfermeria-768x505.png 768w\" sizes=\"(max-width: 813px) 100vw, 813px\" \/><\/figure><div class=\"elementor-image-box-content\"><p class=\"elementor-image-box-description\">Asiste a pacientes con sus necesidades b\u00e1sicas, a tomar signos vitales, administrar medicamentos y a trabajar en equipo con otros profesionales de la salud.<\/p><\/div><\/div>\t\t\t\t<\/div>\n\t\t\t\t<\/div>\n\t\t\t\t\t<\/div>\n\t\t<\/div>\n\t\t\t\t<div class=\"elementor-column elementor-col-33 elementor-inner-column elementor-element elementor-element-0168a64\" data-id=\"0168a64\" data-element_type=\"column\">\n\t\t\t<div class=\"elementor-widget-wrap elementor-element-populated\">\n\t\t\t\t\t\t<div class=\"elementor-element elementor-element-47f1612 elementor-position-top elementor-widget elementor-widget-image-box\" data-id=\"47f1612\" data-element_type=\"widget\" data-widget_type=\"image-box.default\">\n\t\t\t\t<div class=\"elementor-widget-container\">\n\t\t\t\t\t<div class=\"elementor-image-box-wrapper\"><figure class=\"elementor-image-box-img\"><img loading=\"lazy\" decoding=\"async\" width=\"814\" height=\"537\" src=\"https:\/\/cemcsas.com\/wp-content\/uploads\/2023\/04\/veterinaria.png\" class=\"elementor-animation-hang attachment-full size-full wp-image-585\" alt=\"\" srcset=\"https:\/\/cemcsas.com\/wp-content\/uploads\/2023\/04\/veterinaria.png 814w, https:\/\/cemcsas.com\/wp-content\/uploads\/2023\/04\/veterinaria-300x198.png 300w, https:\/\/cemcsas.com\/wp-content\/uploads\/2023\/04\/veterinaria-768x507.png 768w\" sizes=\"(max-width: 814px) 100vw, 814px\" \/><\/figure><div class=\"elementor-image-box-content\"><p class=\"elementor-image-box-description\">Trabaja en cl\u00ednicas y hospitales veterinarios, asistir en cirug\u00edas, a realizar ex\u00e1menes de diagn\u00f3stico, a administrar medicamentos y a cuidar de los animales hospitalizados.<\/p><\/div><\/div>\t\t\t\t<\/div>\n\t\t\t\t<\/div>\n\t\t\t\t\t<\/div>\n\t\t<\/div>\n\t\t\t\t<div class=\"elementor-column elementor-col-33 elementor-inner-column elementor-element elementor-element-1e7bccb\" data-id=\"1e7bccb\" data-element_type=\"column\">\n\t\t\t<div class=\"elementor-widget-wrap elementor-element-populated\">\n\t\t\t\t\t\t<div class=\"elementor-element elementor-element-4086363 elementor-position-top elementor-widget elementor-widget-image-box\" data-id=\"4086363\" data-element_type=\"widget\" data-widget_type=\"image-box.default\">\n\t\t\t\t<div class=\"elementor-widget-container\">\n\t\t\t\t\t<div class=\"elementor-image-box-wrapper\"><figure class=\"elementor-image-box-img\"><img loading=\"lazy\" decoding=\"async\" width=\"829\" height=\"536\" src=\"https:\/\/cemcsas.com\/wp-content\/uploads\/2023\/04\/farmacia.png\" class=\"elementor-animation-hang attachment-full size-full wp-image-583\" alt=\"\" srcset=\"https:\/\/cemcsas.com\/wp-content\/uploads\/2023\/04\/farmacia.png 829w, https:\/\/cemcsas.com\/wp-content\/uploads\/2023\/04\/farmacia-300x194.png 300w, https:\/\/cemcsas.com\/wp-content\/uploads\/2023\/04\/farmacia-768x497.png 768w\" sizes=\"(max-width: 829px) 100vw, 829px\" \/><\/figure><div class=\"elementor-image-box-content\"><p class=\"elementor-image-box-description\">Aprende a dispensar medicamentos, a gestionar el inventario, a proporcionar informaci\u00f3n sobre medicamentos y a interactuar con los clientes.<\/p><\/div><\/div>\t\t\t\t<\/div>\n\t\t\t\t<\/div>\n\t\t\t\t\t<\/div>\n\t\t<\/div>\n\t\t\t\t\t<\/div>\n\t\t<\/section>\n\t\t\t\t\t<\/div>\n\t\t<\/div>\n\t\t\t\t\t<\/div>\n\t\t<\/section>\n\t\t<div class=\"elementor-element elementor-element-8640c35 e-flex e-con-boxed e-con e-parent\" data-id=\"8640c35\" data-element_type=\"container\">\n\t\t\t\t\t<div class=\"e-con-inner\">\n\t\t\t\t<div class=\"elementor-element elementor-element-178a2d5 elementor-widget elementor-widget-heading\" data-id=\"178a2d5\" data-element_type=\"widget\" data-widget_type=\"heading.default\">\n\t\t\t\t<div class=\"elementor-widget-container\">\n\t\t\t\t\t<h2 class=\"elementor-heading-title elementor-size-default\">\u00a1Noticias para nuestros usuarios!<\/h2>\t\t\t\t<\/div>\n\t\t\t\t<\/div>\n\t\t\t\t<div class=\"elementor-element elementor-element-3bc1308 elementor-widget elementor-widget-text-editor\" data-id=\"3bc1308\" data-element_type=\"widget\" data-widget_type=\"text-editor.default\">\n\t\t\t\t<div class=\"elementor-widget-container\">\n\t\t\t\t\t\t\t\t\t<p style='text-align: justify;'>Queremos informarles que todos nuestros cursos son ofrecidos en convenio con Predesalud, reconocida instituci\u00f3n especializada en salud y bienestar. Esta alianza nos permite garantizar la calidad y pertinencia de nuestros programas de formaci\u00f3n, brind\u00e1ndoles la mejor experiencia educativa posible.\u00a0<span style=\"font-style: inherit; font-weight: inherit; text-align: var(--text-align); background-color: var(--ast-global-color-4); color: var(--ast-global-color-3);\">Optar por nuestros cursos significa beneficiarse de la experiencia acumulada de Predesalud, respaldada por nuestro compromiso con una educaci\u00f3n de calidad. Contamos con profesionales altamente capacitados y recursos de vanguardia para asegurar que adquieran las habilidades necesarias para destacar en el campo de la salud.\u00a0<\/span><span style=\"font-style: inherit; font-weight: inherit; text-align: var(--text-align); background-color: var(--ast-global-color-4); color: var(--ast-global-color-3);\">Adem\u00e1s, gracias a esta asociaci\u00f3n, ofrecemos descuentos especiales en matr\u00edculas y acceso a materiales exclusivos. Tambi\u00e9n organizamos charlas y eventos con expertos de renombre.\u00a0<\/span><\/p>\t\t\t\t\t\t\t\t<\/div>\n\t\t\t\t<\/div>\n\t\t\t\t<div class=\"elementor-element elementor-element-4aa273a elementor-widget elementor-widget-heading\" data-id=\"4aa273a\" data-element_type=\"widget\" data-widget_type=\"heading.default\">\n\t\t\t\t<div class=\"elementor-widget-container\">\n\t\t\t\t\t<h5 class=\"elementor-heading-title elementor-size-default\">Aprovechen esta oportunidad \u00fanica de formaci\u00f3n en colaboraci\u00f3n con Predesalud y alcancen sus metas profesionales en el campo de la salud.<\/h5>\t\t\t\t<\/div>\n\t\t\t\t<\/div>\n\t\t\t\t\t<\/div>\n\t\t\t\t<\/div>\n\t\t<div class=\"elementor-element elementor-element-d167ad1 e-flex e-con-boxed e-con e-parent\" data-id=\"d167ad1\" data-element_type=\"container\" data-settings=\"{&quot;background_background&quot;:&quot;classic&quot;}\">\n\t\t\t\t\t<div class=\"e-con-inner\">\n\t\t\t\t<div class=\"elementor-element elementor-element-483e180 elementor-widget elementor-widget-image\" data-id=\"483e180\" data-element_type=\"widget\" data-widget_type=\"image.default\">\n\t\t\t\t<div class=\"elementor-widget-container\">\n\t\t\t\t\t\t\t\t\t\t\t\t\t\t\t<img loading=\"lazy\" decoding=\"async\" width=\"300\" height=\"300\" src=\"https:\/\/cemcsas.com\/wp-content\/uploads\/2023\/06\/Predesalud-300x300.jpg\" class=\"attachment-medium size-medium wp-image-723\" alt=\"\" srcset=\"https:\/\/cemcsas.com\/wp-content\/uploads\/2023\/06\/Predesalud-300x300.jpg 300w, https:\/\/cemcsas.com\/wp-content\/uploads\/2023\/06\/Predesalud-150x150.jpg 150w, https:\/\/cemcsas.com\/wp-content\/uploads\/2023\/06\/Predesalud-768x768.jpg 768w, https:\/\/cemcsas.com\/wp-content\/uploads\/2023\/06\/Predesalud.jpg 900w\" sizes=\"(max-width: 300px) 100vw, 300px\" \/>\t\t\t\t\t\t\t\t\t\t\t\t\t\t\t<\/div>\n\t\t\t\t<\/div>\n\t\t\t\t\t<\/div>\n\t\t\t\t<\/div>\n\t\t\t\t<\/div>\n\t\t","protected":false},"excerpt":{"rendered":"<p>Programas Nuestros Programas Capacitando Profesionales Para Colombia Y El Mundo Las mejores pr\u00e1cticas en prevenci\u00f3n de accidentes y enfermedades ocupacionales, as\u00ed como en el control de riesgos ambientales en el lugar de trabajo. Gestiona registros m\u00e9dicos, programar citas y coordinar servicios de atenci\u00f3n al paciente, habilidades imprescindibles para trabajar en cl\u00ednicas, hospitales y otros servicios &hellip;<\/p>\n<p class=\"read-more\"> <a class=\"\" href=\"https:\/\/cemcsas.com\/index.php\/programas\/\"> <span class=\"screen-reader-text\">Programas<\/span> Leer m\u00e1s &raquo;<\/a><\/p>\n","protected":false},"author":1,"featured_media":0,"parent":0,"menu_order":0,"comment_status":"closed","ping_status":"closed","template":"","meta":{"_eb_attr":"","site-sidebar-layout":"no-sidebar","site-content-layout":"page-builder","ast-global-header-display":"","ast-main-header-display":"","ast-hfb-above-header-display":"","ast-hfb-below-header-display":"","ast-hfb-mobile-header-display":"","site-post-title":"disabled","ast-breadcrumbs-content":"disabled","ast-featured-img":"disabled","footer-sml-layout":"","theme-transparent-header-meta":"enabled","adv-header-id-meta":"","stick-header-meta":"","header-above-stick-meta":"","header-main-stick-meta":"","header-below-stick-meta":"","footnotes":""},"class_list":["post-343","page","type-page","status-publish","hentry"],"_links":{"self":[{"href":"https:\/\/cemcsas.com\/index.php\/wp-json\/wp\/v2\/pages\/343","targetHints":{"allow":["GET"]}}],"collection":[{"href":"https:\/\/cemcsas.com\/index.php\/wp-json\/wp\/v2\/pages"}],"about":[{"href":"https:\/\/cemcsas.com\/index.php\/wp-json\/wp\/v2\/types\/page"}],"author":[{"embeddable":true,"href":"https:\/\/cemcsas.com\/index.php\/wp-json\/wp\/v2\/users\/1"}],"replies":[{"embeddable":true,"href":"https:\/\/cemcsas.com\/index.php\/wp-json\/wp\/v2\/comments?post=343"}],"version-history":[{"count":20,"href":"https:\/\/cemcsas.com\/index.php\/wp-json\/wp\/v2\/pages\/343\/revisions"}],"predecessor-version":[{"id":744,"href":"https:\/\/cemcsas.com\/index.php\/wp-json\/wp\/v2\/pages\/343\/revisions\/744"}],"wp:attachment":[{"href":"https:\/\/cemcsas.com\/index.php\/wp-json\/wp\/v2\/media?parent=343"}],"curies":[{"name":"wp","href":"https:\/\/api.w.org\/{rel}","templated":true}]}}